{"id":95,"date":"2023-07-24T22:42:57","date_gmt":"2023-07-24T20:42:57","guid":{"rendered":"https:\/\/fromageriesurleplateau.com\/?page_id=95"},"modified":"2023-07-24T22:48:56","modified_gmt":"2023-07-24T20:48:56","slug":"accueil","status":"publish","type":"page","link":"https:\/\/fromageriesurleplateau.com\/","title":{"rendered":"Accueil"},"content":{"rendered":"\n<p>Le site arrive tr\u00e8s bient\u00f4t&#8230; en attendant suivez nous sur les r\u00e9seaux sociaux <a href=\"https:\/\/www.instagram.com\/fromagerie.surleplateau\/\">Instagram<\/a> et <a href=\"https:\/\/www.facebook.com\/fromagerie.surleplateau\" data-type=\"URL\" data-id=\"https:\/\/www.facebook.com\/fromagerie.surleplateau\">Facebook<\/a>.<\/p>\n","protected":false},"excerpt":{"rendered":"<p>Le site arrive tr\u00e8s bient\u00f4t&#8230; en attendant suivez nous sur les r\u00e9seaux sociaux Instagram et Facebook.<\/p>\n","protected":false},"author":1,"featured_media":0,"parent":0,"menu_order":0,"comment_status":"closed","ping_status":"closed","template":"","meta":{"footnotes":""},"class_list":{"0":"post-95","1":"page","2":"type-page","3":"status-publish","5":"col-md-12"},"_links":{"self":[{"href":"https:\/\/fromageriesurleplateau.com\/index.php?rest_route=\/wp\/v2\/pages\/95","targetHints":{"allow":["GET"]}}],"collection":[{"href":"https:\/\/fromageriesurleplateau.com\/index.php?rest_route=\/wp\/v2\/pages"}],"about":[{"href":"https:\/\/fromageriesurleplateau.com\/index.php?rest_route=\/wp\/v2\/types\/page"}],"author":[{"embeddable":true,"href":"https:\/\/fromageriesurleplateau.com\/index.php?rest_route=\/wp\/v2\/users\/1"}],"replies":[{"embeddable":true,"href":"https:\/\/fromageriesurleplateau.com\/index.php?rest_route=%2Fwp%2Fv2%2Fcomments&post=95"}],"version-history":[{"count":2,"href":"https:\/\/fromageriesurleplateau.com\/index.php?rest_route=\/wp\/v2\/pages\/95\/revisions"}],"predecessor-version":[{"id":98,"href":"https:\/\/fromageriesurleplateau.com\/index.php?rest_route=\/wp\/v2\/pages\/95\/revisions\/98"}],"wp:attachment":[{"href":"https:\/\/fromageriesurleplateau.com\/index.php?rest_route=%2Fwp%2Fv2%2Fmedia&parent=95"}],"curies":[{"name":"wp","href":"https:\/\/api.w.org\/{rel}","templated":true}]}}